{"id":347,"date":"2022-09-11T10:42:39","date_gmt":"2022-09-11T08:42:39","guid":{"rendered":"https:\/\/ottenkeller.it\/privacy-policy\/"},"modified":"2022-09-11T10:42:39","modified_gmt":"2022-09-11T08:42:39","slug":"privacy-policy","status":"publish","type":"page","link":"https:\/\/ottenkeller.it\/de\/privacy-policy\/","title":{"rendered":"Privacy Policy"},"content":{"rendered":"\n<h2 class=\"wp-block-heading\">Informativa resa ai sensi del DLGS del 30\/06\/2003 \u201cCODICE DELLA PRIVACY\u201d<\/h2>\n\n\n\n<p>Ai sensi dell\u2019art. 13, DLGS 30 giugno 2003 nr. 196, INFORMIAMO che la Ottenkeller tratta dati personali di clienti e fornitori e di soggetti che comunicano volontariamente (telefonicamente o via fax o via e-mail) i loro dati anagrafici al nostro ufficio commerciale o alla nostra direzione aziendale e di soggetti i cui dati sono stati raccolti presso terzi in occasione, ad esempio, di operazioni di acquisizione di dati esterni per informazioni commerciali, elenchi pubblici ecc.. Nell\u2019ultimo caso trattasi esclusivamente di dati personali di natura comune.<\/p>\n\n\n\n<p>La nostra societ\u00e0 garantisce nell\u2019ambito delle previsioni normative che il trattamento dei dati personali si svolge nel rispetto dei diritti delle libert\u00e0 fondamentali, nonch\u00e9 della dignit\u00e0 dell\u2019interessato, con particolare riferimento alla riservatezza, all\u2019identit\u00e0 personale e al diritto alla protezione dei dati personali.<\/p>\n\n\n\n<h3 class=\"wp-block-heading\"><strong>Finalit\u00e0 del trattamento<\/strong><\/h3>\n\n\n\n<ul class=\"wp-block-list\">\n<li>Adempiere agli obblighi di legge, dai regolamenti, dalla normativa comunitaria, da norme civilistiche e fiscali<\/li>\n\n\n\n<li>Adempiere agli eventuali obblighi contrattuali nei confronti del interessato<\/li>\n\n\n\n<li>Adempiere ad attivit\u00e0 connesse all\u2019attivit\u00e0 economica della nostra societ\u00e0, come compilazione delle anagrafiche e statistiche interne, per la fatturazione, la tenuta della contabilit\u00e0 clienti-fornitori<\/li>\n\n\n\n<li>Finalit\u00e0 di tipo commerciale, come invio di informazioni commerciali e materiale pubblicitario (via posta, fax ed e-mail), di marketing e ricerche di mercato<\/li>\n\n\n\n<li>La tutela dei crediti e la gestione dei debiti<\/li>\n\n\n\n<li>Finalit\u00e0 assicurative, in particolare per assicurazioni crediti<\/li>\n<\/ul>\n\n\n\n<p><strong>FACOLTATIVITA\u2019 DEL CONFERIMENTO DEI DATI:<\/strong>\u00a0Fermo quanto sopra \u00a0specificato, per i dati di navigazione, l\u2019utente \u00e8 libero di fornire all\u2019editore\/titolare del trattamento, dati ulteriori al fine di accedere a particolari servizi quali forum newsletter, servizi di e-commerce \u00a0o richieste di informazioni che vorr\u00e0 inoltrare al \u00a0sito http:\/\/ottenkeller.it autorizzandone per l\u2019ipotesi il trattamento nei limiti e per le finalit\u00e0 del servizio o delle informazioni richieste.<br>Il loro mancato conferimento \u00a0pu\u00f2 comportare l\u2019impossibilit\u00e0 di erogare il servizio o rendere le informazioni. Si segnala, inoltre, che l\u2019accettazione dei c.d. cookies \u00e8 condizione necessaria ed imprescindibile per fruire del servizio di consultazione delle pagine dinamiche.<\/p>\n\n\n\n<p><strong>COMUNICAZIONE E\/O DIFFUSIONE DEI DATI:<\/strong>&nbsp;I dati personali degli utenti sono utilizzati unicamente al fine di eseguire il servizio o la prestazione richiesta e sono comunicati a terzi nei soli casi in cui:<br>Ad Istituti di credito con i quali la nostra ditta ha rapporti per la gestione dei crediti\/debiti e l\u2019intermediazione finanziaria A tutte quelle persone fisiche e\/o giuridiche, pubbliche e\/o private (studi di consulenza legale, amministrativa e fiscale, uffici giudiziari, Camere di Commercio ecc.) ove ci\u00f2 &nbsp;si renda necessario in vista del servizio richiesto dallo stesso Utente;<br>la comunicazione sia imposta da obblighi di legge o di regolamento, per ordine della Pubblica Autorit\u00e0. ovvero in ragione di eventuali azioni giudiziarie in forza di apposito provvedimento;<br>l\u2019utente stesso autorizzi espressamente e il proprietario del sito o il titolare del trattamento dati ad inviare a terzi operatori commerciali i suoi dati commerciali al fine precipuo di percepire offerte commerciali mirate in linea con i gusti e i desideri manifestati sulla base dei dati acquisiti e forniti<\/p>\n\n\n\n<h3 class=\"wp-block-heading\"><strong>MODALITA\u2019 DEL TRATTAMENTO<\/strong><\/h3>\n\n\n\n<p>I dati personali sono trattati con strumenti automatizzati in forma anonima per il tempo strettamente necessario a conseguire gli scopi per cui sono stati raccolti. Specifiche misure di sicurezza sono osservate per prevenire la perdita dei dati, usi illeciti o non corretti ed accessi non autorizzati.<br>I dati personali trattati dalla nostra societ\u00e0 non sono soggetti a diffusione. Il trattamento potr\u00e0 effettuarsi con o senza l\u2019ausilio di mezzi elettronici e comunque automatizzati e comprender\u00e0 tutte le operazioni previste all\u2019art. 4 comma 1, lettera a, DLGS 30 giugno 2003 nr. 196 e necessarie al trattamento in questione. Comunque il trattamento sar\u00e0 effettuato nell\u2019osservanza di ogni misura cautelativa, che ne garantisca la sicurezza e la riservatezza.<br>Il Codice della Privacy conferisce agli interessati l\u2019esercizio di specifici diritti di cui all\u2019art. 7. In particolare pu\u00f2 ottenere dal titolare la conferma dell\u2019esistenza o meno di propri dati personali che lo riguardano e la loro comunicazione in forma intelligibile. L\u2019interessato pu\u00f2 altres\u00ec chiedere di conoscere l\u2019origine dei dati, le finalit\u00e0 e modalit\u00e0 del trattamento nonch\u00e9 la logica applicato in caso trattamento effettuato con l\u2019ausilio di strumenti elettronici, l\u2019identificazione degli estremi identificativi del titolare , dei responsabili nominati e dei soggetti e categorie di soggetti ai quali i dati possono essere comunicati o che possono venire a conoscenza.<\/p>\n\n\n\n<h3 class=\"wp-block-heading\"><strong>RESPONSABILE DEL TRATTAMENTO<\/strong><\/h3>\n\n\n\n<p>Il titolare del trattamento \u00e8 Franco Iannece<br>Il titolare dei diritti del trattamento \u00e8 Franco Iannece<\/p>\n\n\n\n<h3 class=\"wp-block-heading\"><strong>LUOGO DI TRATTAMENTO DEI DATI<\/strong><\/h3>\n\n\n\n<p>I trattamenti connessi ai servizi \u00a0web offerti \u00a0da questo sito hanno luogo presso la sede del Responsabile del Trattamento di Ottenkeller corrente in via Via Kuntner 21 39053 Cardano e sono usati, gestiti, e trattati solo da personale autorizzato e a ci\u00f2 espressamente incaricato e formato.<br>Nessun dato derivante dal servizio web viene comunicato o diffuso a soggetti terzi senza previa espressa autorizzazione del Trattato o per finalit\u00e0 diverse da quelle espressamente autorizzate.<\/p>\n\n\n\n<p><strong>Cookie Policy Ottenkeller:<\/strong>\u00a0Al fine di rendere pi\u00f9 comoda possibile la Sua visita al nostro sito web, per la presentazione del nostro assortimento di prodotti utilizziamo dei cookies. Si tratta di piccoli aggregati di testo registrati localmente nella memoria temporanea del Suo browser, e quindi nel Suo computer, per periodi di tempo variabili in funzione dell\u2019esigenza e generalmente compresi tra poche ore ad \u00a0alcuni anni, con l\u2019eccezione dei cookie di profilazione la cui durata massima \u00e8 di 365 giorni solari.<br>Mediante i cookie \u00e8 possibile registrare in modo semi-permanente informazioni relative alle Sue preferenze e altri dati tecnici che permettono una navigazione pi\u00f9 agevole e una maggiore facilit\u00e0 d\u2019uso e efficacia del sito stesso. Ad esempio, i cookies possono essere usati per determinare se \u00e8 gi\u00e0 stata effettuata una connessione fra il Suo computer e i nostri siti per evidenziare le novit\u00e0 o mantenere le informazioni di \u201clogin\u201d. A Sua garanzia, viene identificato solo il cookie memorizzato sul suo computer.<br>Il presente utilizzo non fa assolutamente utilizzo di cd. cookie di profilazione. Nessun dato in ordine ai suoi gusti, preferenze, hobby e passioni o qualsiasi altra informazione utile a fini commerciali o latamente tali viene memorizzato o analizzato.<\/p>\n\n\n\n<p><strong>Tipologie di Cookie implementati:&nbsp;<\/strong><br>Questo sito fa uso di due diverse tipologie di cookie:<\/p>\n\n\n\n<p><strong>A) Cookie tecnici essenziali:&nbsp;<\/strong><br>Questi cookie sono necessari al corretto funzionamento del sito. Consentono la navigazione delle pagine, la condivisione dei nostri contenuti, la memorizzazione delle Sue credenziali di accesso per rendere pi\u00f9 rapido l\u2019ingresso nel sito e per mantenere attive le Sue preferenze e credenziali durante la navigazione. Senza questi cookie non potremmo fornire i servizi per i quali gli utenti accedono al sito.<\/p>\n\n\n\n<p><strong>B) Cookie statistici e prestazionali:&nbsp;<\/strong><br>Questi cookie ci permettono di sapere in che modo i visitatori utilizzano il sito, per poterne cos\u00ec valutare e migliorare il funzionamento e privilegiare la produzione di contenuti che meglio incontrano i bisogni informativi dei nostri utenti. Ad esempio, consentono di sapere quali sono le pagine pi\u00f9 e meno frequentate. Tengono conto, tra le altre cose, del numero di visitatori, del tempo trascorso sul sito dalla media degli utenti e delle modalit\u00e0 di arrivo di questi. In questo modo, possiamo sapere che cosa funziona bene e che cosa migliorare, oltre ad assicurarci che le pagine si carichino velocemente e siano visualizzate correttamente. Tutte le informazioni e i dati raccolti da questi cookie sono anonime e non collegate ai dati personali dell\u2019utente e vengono gestiti dal sito in maniera aggregata. Per eseguire queste funzioni nei nostri siti utilizziamo i servizi di terze parti che anonimizzano i dati rendendoli non riconducibili a singoli individui (cosiddetto \u201csingle-in\u201d). Laddove siano presenti servizi non completamente anonimizzati, Puoi trovarli elencati tra i cookie di terze parti per i quali \u00e8 possibile negare il consenso, a garanzia della Sua privacy.<br>In tal senso il presente sito utilizza Google Analytics. Google Analytics \u00e8 un servizio di analisi web fornito da Google, Inc. (\u201cGoogle\u201d). Google Analytics utilizza dei \u201ccookies\u201d, per consentire al sito web di analizzare come gli utenti utilizzano il sito. Le informazioni generate dal cookie sull\u2019utilizzo del sito web da parte Vostra (compreso il Vostro indirizzo IP) verranno trasmesse a, e depositate presso i server di Google negli Stati Uniti. Google utilizzer\u00e0 queste informazioni allo scopo di tracciare ed esaminare il Vostro utilizzo del sito web, compilare report sulle attivit\u00e0 del sito web per gli operatori del sito web e fornire altri servizi relativi alle attivit\u00e0 del sito web e all\u2019utilizzo di Internet. Google pu\u00f2 anche trasferire queste informazioni a terzi ove ci\u00f2 sia imposto dalla legge o laddove tali terzi trattino le suddette informazioni per conto di Google. Google non assocer\u00e0 il vostro indirizzo IP a nessun altro dato posseduto da Google.<\/p>\n\n\n\n<p>Le funzioni materialmente svolte dai Cookie presenti sul sito sono le seguenti:<\/p>\n\n\n\n<p><strong>Preferenze<\/strong><br>La perdita delle informazioni memorizzate in un cookie delle preferenze potrebbe rendere meno funzionale l\u2019esperienza sul sito web ma non dovrebbe comprometterne il funzionamento. La maggior parte degli utenti di Google ha un cookie delle preferenze chiamato \u201cPREF\u201d nei browser. Un browser invia questo cookie con le richieste ai siti di Google. Il cookie PREF potrebbe memorizzare le tue preferenze e altre informazioni, in particolare la tua lingua preferita (ad esempio l\u2019italiano), il numero di risultati di ricerca che desideri visualizzare per ogni pagina (ad esempio 10 o 20) e la tua preferenza di attivazione del filtro SafeSearch di Google.<\/p>\n\n\n\n<p><strong>Sicurezza<\/strong><br>Utilizziamo i cookie di sicurezza per autenticare gli utenti, prevenire l\u2019uso fraudolento delle credenziali di accesso e proteggere i dati degli utenti da soggetti non autorizzati.<br>Ad esempio, utilizziamo cookie chiamati \u201cSID\u201d e \u201cHSID\u201d contenenti record con firma digitale e crittografati per l\u2019ID dell\u2019account Google di un utente e per la sua data di accesso pi\u00f9 recente. La combinazione di questi due cookie ci permette di bloccare molti tipi di attacchi, ad esempio i tentativi di rubare i contenuti dei moduli che completi sulle pagine web.<\/p>\n\n\n\n<p><strong>Processi<\/strong><br>I cookie dei processi contribuiscono al funzionamento dei siti web e all\u2019offerta dei servizi che i visitatori si aspettano di trovarvi, ad esempio la possibilit\u00e0 di navigare tra le pagine o di accedere ad aree protette del sito. Senza questi cookie, il sito non pu\u00f2 funzionare correttamente.<br>Ad esempio, utilizziamo un cookie chiamato \u201clbcs\u201d che consente a Google Documenti di aprire molti documenti in un unico browser. Il blocco di questo cookie potrebbe compromettere il corretto funzionamento di Google Documenti.<\/p>\n\n\n\n<p><strong>Analytics<\/strong><br>Google Analytics \u00e8 uno strumento di analisi di Google che aiuta i proprietari di siti web e app a capire come i visitatori interagiscono con i contenuti di loro propriet\u00e0. Si pu\u00f2 utilizzare un set di cookie per raccogliere informazioni e generare statistiche di utilizzo del sito web senza identificazione personale dei singoli visitatori da parte di Google.<br>Oltre a generare rapporti sulle statistiche di utilizzo dei siti web, il tag pixel di Google Analytics pu\u00f2 essere utilizzato, insieme ad alcuni cookie per la pubblicit\u00e0 descritti sopra, per consentirci di mostrare risultati pi\u00f9 pertinenti nelle propriet\u00e0 di Google (come la Ricerca Google) e in tutto il Web.<br><a href=\"https:\/\/developers.google.com\/analytics\/resources\/concepts\/gaConceptsCookies\" target=\"_blank\" rel=\"noreferrer noopener\">Se vuoi conoscerne di pi\u00f9 leggi ulteriori informazioni su cookie di Analytics e privacy.<\/a><\/p>\n\n\n\n<p><strong>Gestione dei cookie e preferenze:<\/strong><br>Nel caso in cui Tu &nbsp;abbia dubbi o preoccupazioni in merito all\u2019utilizzo dei cookie &nbsp;\u00e8 sempre possibile intervenire per impedirne l\u2019impostazione e la lettura, ad esempio modificando le impostazioni sulla privacy all\u2019interno del Suo browser al fine di bloccarne determinati tipi.&nbsp;Poich\u00e9 ciascun browser \u2013 e spesso diverse versioni dello stesso browser \u2013 differiscono anche sensibilmente le une dalle altre se preferisce agire autonomamente mediante le preferenze del Suo browser pu\u00f2 trovare informazioni dettagliate sulla procedura necessaria nella guida del Suo browser. Per una panoramica delle modalit\u00e0 di azione per i browser pi\u00f9 comuni, pu\u00f2 visitare l\u2019indirizzo &nbsp;<a href=\"http:\/\/www.cookiepedia.co.uk\/\" target=\"_blank\" rel=\"noreferrer noopener\">www.cookiepedia.co.uk&nbsp;<\/a><br>La maggior parte dei browser consentono di gestire le preferenze relative ai cookies. \u00c8 possibile impostare il proprio browser per rifiutare i cookies o per cancellarne solo alcuni. Allo stesso modo in cui si disabilita l\u2019utilizzo dei cookies, si possono disabilitare le altre tecnologie similari.<\/p>\n\n\n\n<p>I seguenti link mostrano come \u00e8 possibile impostare le preferenze sui browser utilizzati pi\u00f9 comunemente:<\/p>\n\n\n\n<p><a href=\"http:\/\/goo.gl\/hwvr9\" target=\"_blank\" rel=\"noreferrer noopener\">Internet Explorer&nbsp;<\/a><br><a href=\"https:\/\/goo.gl\/Oh7kxR\" target=\"_blank\" rel=\"noreferrer noopener\">Firefox&nbsp;<\/a><br><a href=\"https:\/\/goo.gl\/2u1O5w\" target=\"_blank\" rel=\"noreferrer noopener\">Safari&nbsp;<\/a><br><a href=\"https:\/\/goo.gl\/r5618P\" target=\"_blank\" rel=\"noreferrer noopener\">Chrome<\/a><\/p>\n\n\n\n<p>Per maggiori informazioni e possibilit\u00e0 di rinuncia, visita l\u2019indirizzo&nbsp;<a href=\"http:\/\/www.youronlinechoices.eu\/\" target=\"_blank\" rel=\"noreferrer noopener\">www.youronlinechoices.eu<\/a><br>Le societ\u00e0 pubblicitarie consentono inoltre di rinunciare alla ricezione di annunci mirati, se lo si desidera. Ci\u00f2 non impedisce l\u2019impostazione dei cookie, ma interrompe l\u2019utilizzo e la raccolta di alcuni dati da parte di tali societ\u00e0.<br>Potete rifiutarvi di usare i cookies selezionando l\u2019impostazione appropriata sul vostro browser, ma ci\u00f2 potrebbe impedirvi di utilizzare tutte le funzionalit\u00e0 di questo sito web. Utilizzando il presente sito web, voi acconsentite al trattamento dei Vostri dati da parte di Google per le modalit\u00e0 e i fini sopraindicati.<br>L\u2019installazione dei cookie pu\u00f2 essere bloccata mediante l\u2019apposita impostazione del browser; tuttavia, occorre tenere presente che abilitando il blocco, alcune funzioni di questo sito web potrebbero non essere pienamente utilizzabili. \u00c8 possibile impedire la registrazione e il trattamento delle informazioni generate dai cookies (incl. l\u2019indirizzo IP) da parte di Google.<\/p>\n\n\n\n<p><strong>Accettazione e rinuncia dei cookie:<\/strong>\u00a0Proseguendo nella navigazione su questo sito chiudendo la fascetta informativa o facendo click in una qualsiasi parte della pagina o scorrendola per evidenziare ulteriore contenuto, si accetta la Cookie Policy del sito http:\/\/ottenkeller.it di Ottenkeller e verranno impostati e raccolti i cookie. \u00a0Avrai sempre la possibilit\u00e0 di rimuovere tali cookie in qualsiasi momento attraverso le modalit\u00e0 di cui ai siti citati nel paragrafo \u201cGestione dei cookie\u201d.<\/p>\n\n\n\n<p><strong>DIRITTI DEGLI INTERESSATI:<\/strong> L\u2019interessato ha il diritto di ottenere l\u2019aggiornamento, la rettificazione, l\u2019integrazione, la cancellazione, la trasformazione in via anonima o il blocco dei dati trattati in violazione di legge. L\u2019interessato ha diritto di opporsi, in tutto o in parte, per motivi legittimi al trattamento dei dati personali che lo riguardano, ancorch\u00e9 pertinenti allo scopo della raccolta, e senza motivo al trattamento che lo riguarda a fini di invio di materiale pubblicitario e di vendita diretta o per il compimento di ricerche di mercato o di comunicazione commerciale. I diritti in oggetto possono essere esercitati, anche per il tramite di un incaricato, mediante richiesta rivolta a: Franco Iannece, Ottenkeller, Via Kuntner 21<br>39053 Cardano, con lettera raccomandata o e-mail all\u2019indirizzo: info@ottenkeller.it<\/p>\n","protected":false},"excerpt":{"rendered":"<p>Informativa resa ai sensi del DLGS del 30\/06\/2003 \u201cCODICE DELLA PRIVACY\u201d Ai sensi dell\u2019art. 13, DLGS 30 giugno 2003 nr. 196, INFORMIAMO che la Ottenkeller tratta dati personali di clienti&#8230;<\/p>\n","protected":false},"author":1,"featured_media":0,"parent":0,"menu_order":0,"comment_status":"closed","ping_status":"open","template":"","meta":{"footnotes":""},"class_list":["post-347","page","type-page","status-publish"],"publishpress_future_action":{"enabled":false,"date":"2026-04-17 03:41:15","action":"change-status","newStatus":"draft","terms":[],"taxonomy":"translation_priority","extraData":[]},"publishpress_future_workflow_manual_trigger":{"enabledWorkflows":[]},"_links":{"self":[{"href":"https:\/\/ottenkeller.it\/de\/wp-json\/wp\/v2\/pages\/347","targetHints":{"allow":["GET"]}}],"collection":[{"href":"https:\/\/ottenkeller.it\/de\/wp-json\/wp\/v2\/pages"}],"about":[{"href":"https:\/\/ottenkeller.it\/de\/wp-json\/wp\/v2\/types\/page"}],"author":[{"embeddable":true,"href":"https:\/\/ottenkeller.it\/de\/wp-json\/wp\/v2\/users\/1"}],"replies":[{"embeddable":true,"href":"https:\/\/ottenkeller.it\/de\/wp-json\/wp\/v2\/comments?post=347"}],"version-history":[{"count":0,"href":"https:\/\/ottenkeller.it\/de\/wp-json\/wp\/v2\/pages\/347\/revisions"}],"wp:attachment":[{"href":"https:\/\/ottenkeller.it\/de\/wp-json\/wp\/v2\/media?parent=347"}],"curies":[{"name":"wp","href":"https:\/\/api.w.org\/{rel}","templated":true}]}}